{"id":13162,"date":"2025-01-21T07:13:44","date_gmt":"2025-01-21T10:13:44","guid":{"rendered":"https:\/\/gruposumma.com.ar\/assistencia-ao-viajante\/"},"modified":"2025-08-19T17:44:10","modified_gmt":"2025-08-19T20:44:10","slug":"assistencia-ao-viajante","status":"publish","type":"page","link":"https:\/\/gruposumma.com.ar\/pt-br\/assistencia-ao-viajante\/","title":{"rendered":"Assist\u00eancia ao Viajante"},"content":{"rendered":"\t\t<div data-elementor-type=\"wp-page\" data-elementor-id=\"13162\" class=\"elementor elementor-13162 elementor-9828\" data-elementor-post-type=\"page\">\n\t\t\t\t\t\t<section class=\"elementor-section elementor-top-section elementor-element elementor-element-4f6e1156 elementor-section-height-min-height elementor-section-items-stretch elementor-section-full_width elementor-section-height-default\" data-id=\"4f6e1156\" data-element_type=\"section\" data-e-type=\"section\" data-settings=\"{&quot;background_background&quot;:&quot;classic&quot;}\">\n\t\t\t\t\t\t<div class=\"elementor-container elementor-column-gap-default\">\n\t\t\t\t\t<div class=\"elementor-column elementor-col-50 elementor-top-column elementor-element elementor-element-4ee7f14f\" data-id=\"4ee7f14f\" data-element_type=\"column\" data-e-type=\"column\" data-settings=\"{&quot;background_background&quot;:&quot;classic&quot;}\">\n\t\t\t<div class=\"elementor-widget-wrap elementor-element-populated\">\n\t\t\t\t\t\t<div class=\"elementor-element elementor-element-fbc6178 elementor-widget elementor-widget-heading\" data-id=\"fbc6178\" data-element_type=\"widget\" data-e-type=\"widget\" data-widget_type=\"heading.default\">\n\t\t\t\t<div class=\"elementor-widget-container\">\n\t\t\t\t\t<h3 class=\"elementor-heading-title elementor-size-default\">Prote\u00e7\u00e3o durante todo o ano\n<\/h3>\t\t\t\t<\/div>\n\t\t\t\t<\/div>\n\t\t\t\t<div class=\"elementor-element elementor-element-3bcd9d9 elementor-widget elementor-widget-heading\" data-id=\"3bcd9d9\" data-element_type=\"widget\" data-e-type=\"widget\" data-widget_type=\"heading.default\">\n\t\t\t\t<div class=\"elementor-widget-container\">\n\t\t\t\t\t<h1 class=\"elementor-heading-title elementor-size-default\">Assist\u00eancia ao Viajante<\/h1>\t\t\t\t<\/div>\n\t\t\t\t<\/div>\n\t\t\t\t<div class=\"elementor-element elementor-element-1a51c55b elementor-widget elementor-widget-text-editor\" data-id=\"1a51c55b\" data-element_type=\"widget\" data-e-type=\"widget\" data-widget_type=\"text-editor.default\">\n\t\t\t\t<div class=\"elementor-widget-container\">\n\t\t\t\t\t\t\t\t\t<p>Viaje com tranquilidade sabendo que voc\u00ea sempre ser\u00e1 apoiado. Oferecemos planos anuais e mensais de assist\u00eancia em viagem, projetados para atender \u00e0s suas necessidades. De emerg\u00eancias m\u00e9dicas a imprevistos, como perda de bagagem ou cancelamentos, nosso servi\u00e7o garante que voc\u00ea esteja coberto em qualquer lugar do mundo.  <\/p>\t\t\t\t\t\t\t\t<\/div>\n\t\t\t\t<\/div>\n\t\t\t\t\t<\/div>\n\t\t<\/div>\n\t\t\t\t<div class=\"elementor-column elementor-col-50 elementor-top-column elementor-element elementor-element-6ac392b5\" data-id=\"6ac392b5\" data-element_type=\"column\" data-e-type=\"column\" data-settings=\"{&quot;background_background&quot;:&quot;classic&quot;}\">\n\t\t\t<div class=\"elementor-widget-wrap elementor-element-populated\">\n\t\t\t\t\t\t<div class=\"elementor-element elementor-element-435a48b0 elementor-widget elementor-widget-spacer\" data-id=\"435a48b0\" data-element_type=\"widget\" data-e-type=\"widget\" data-widget_type=\"spacer.default\">\n\t\t\t\t<div class=\"elementor-widget-container\">\n\t\t\t\t\t\t\t<div class=\"elementor-spacer\">\n\t\t\t<div class=\"elementor-spacer-inner\"><\/div>\n\t\t<\/div>\n\t\t\t\t\t\t<\/div>\n\t\t\t\t<\/div>\n\t\t\t\t\t<\/div>\n\t\t<\/div>\n\t\t\t\t\t<\/div>\n\t\t<\/section>\n\t\t\t\t<section class=\"elementor-section elementor-top-section elementor-element elementor-element-5d4be3b8 elementor-section-height-min-height elementor-section-items-stretch elementor-section-boxed elementor-section-height-default\" data-id=\"5d4be3b8\" data-element_type=\"section\" data-e-type=\"section\" data-settings=\"{&quot;motion_fx_motion_fx_scrolling&quot;:&quot;yes&quot;,&quot;motion_fx_translateY_effect&quot;:&quot;yes&quot;,&quot;motion_fx_translateY_direction&quot;:&quot;negative&quot;,&quot;motion_fx_translateY_speed&quot;:{&quot;unit&quot;:&quot;px&quot;,&quot;size&quot;:&quot;2&quot;,&quot;sizes&quot;:[]},&quot;motion_fx_translateY_affectedRange&quot;:{&quot;unit&quot;:&quot;%&quot;,&quot;size&quot;:&quot;&quot;,&quot;sizes&quot;:{&quot;start&quot;:&quot;0&quot;,&quot;end&quot;:&quot;50&quot;}},&quot;motion_fx_devices&quot;:[&quot;desktop&quot;,&quot;tablet&quot;,&quot;mobile&quot;]}\">\n\t\t\t\t\t\t<div class=\"elementor-container elementor-column-gap-default\">\n\t\t\t\t\t<div class=\"elementor-column elementor-col-100 elementor-top-column elementor-element elementor-element-72a575d3\" data-id=\"72a575d3\" data-element_type=\"column\" data-e-type=\"column\" data-settings=\"{&quot;background_background&quot;:&quot;classic&quot;}\">\n\t\t\t<div class=\"elementor-widget-wrap elementor-element-populated\">\n\t\t\t\t\t\t<section class=\"elementor-section elementor-inner-section elementor-element elementor-element-2ac21f3f elementor-section-boxed elementor-section-height-default elementor-section-height-default\" data-id=\"2ac21f3f\" data-element_type=\"section\" data-e-type=\"section\">\n\t\t\t\t\t\t<div class=\"elementor-container elementor-column-gap-default\">\n\t\t\t\t\t<div class=\"elementor-column elementor-col-50 elementor-inner-column elementor-element elementor-element-2028a1fe\" data-id=\"2028a1fe\" data-element_type=\"column\" data-e-type=\"column\">\n\t\t\t<div class=\"elementor-widget-wrap elementor-element-populated\">\n\t\t\t\t\t\t<div class=\"elementor-element elementor-element-2c0485f1 elementor-widget elementor-widget-heading\" data-id=\"2c0485f1\" data-element_type=\"widget\" data-e-type=\"widget\" data-widget_type=\"heading.default\">\n\t\t\t\t<div class=\"elementor-widget-container\">\n\t\t\t\t\t<h2 class=\"elementor-heading-title elementor-size-default\">Fa\u00e7a uma cota\u00e7\u00e3o agora e viaje com seguran\u00e7a!<\/h2>\t\t\t\t<\/div>\n\t\t\t\t<\/div>\n\t\t\t\t\t<\/div>\n\t\t<\/div>\n\t\t\t\t<div class=\"elementor-column elementor-col-50 elementor-inner-column elementor-element elementor-element-77f05afa\" data-id=\"77f05afa\" data-element_type=\"column\" data-e-type=\"column\">\n\t\t\t<div class=\"elementor-widget-wrap elementor-element-populated\">\n\t\t\t\t\t\t<div class=\"elementor-element elementor-element-fc3a608 elementor-align-right elementor-mobile-align-center elementor-widget elementor-widget-button\" data-id=\"fc3a608\" data-element_type=\"widget\" data-e-type=\"widget\" data-widget_type=\"button.default\">\n\t\t\t\t<div class=\"elementor-widget-container\">\n\t\t\t\t\t\t\t\t\t<div class=\"elementor-button-wrapper\">\n\t\t\t\t\t<a class=\"elementor-button elementor-button-link elementor-size-sm elementor-animation-grow\" href=\"#elementor-action%3Aaction%3Dpopup%3Aopen%26settings%3DeyJpZCI6NTM2NywidG9nZ2xlIjpmYWxzZX0%3D\">\n\t\t\t\t\t\t<span class=\"elementor-button-content-wrapper\">\n\t\t\t\t\t\t\t\t\t<span class=\"elementor-button-text\">Contate-nos<\/span>\n\t\t\t\t\t<\/span>\n\t\t\t\t\t<\/a>\n\t\t\t\t<\/div>\n\t\t\t\t\t\t\t\t<\/div>\n\t\t\t\t<\/div>\n\t\t\t\t\t<\/div>\n\t\t<\/div>\n\t\t\t\t\t<\/div>\n\t\t<\/section>\n\t\t\t\t\t<\/div>\n\t\t<\/div>\n\t\t\t\t\t<\/div>\n\t\t<\/section>\n\t\t\t\t<section class=\"elementor-section elementor-top-section elementor-element elementor-element-429c3e0e elementor-section-boxed elementor-section-height-default elementor-section-height-default\" data-id=\"429c3e0e\" data-element_type=\"section\" data-e-type=\"section\">\n\t\t\t\t\t\t<div class=\"elementor-container elementor-column-gap-default\">\n\t\t\t\t\t<div class=\"elementor-column elementor-col-50 elementor-top-column elementor-element elementor-element-5c3e079d\" data-id=\"5c3e079d\" data-element_type=\"column\" data-e-type=\"column\">\n\t\t\t<div class=\"elementor-widget-wrap elementor-element-populated\">\n\t\t\t\t\t\t<div class=\"elementor-element elementor-element-9999a0a elementor-widget-divider--separator-type-pattern elementor-widget-divider--view-line elementor-widget elementor-widget-divider\" data-id=\"9999a0a\" data-element_type=\"widget\" data-e-type=\"widget\" data-widget_type=\"divider.default\">\n\t\t\t\t<div class=\"elementor-widget-container\">\n\t\t\t\t\t\t\t<div class=\"elementor-divider\" style=\"--divider-pattern-url: url(&quot;data:image\/svg+xml,%3Csvg xmlns=&#039;http:\/\/www.w3.org\/2000\/svg&#039; preserveAspectRatio=&#039;none&#039; overflow=&#039;visible&#039; height=&#039;100%&#039; viewBox=&#039;0 0 20 16&#039; fill=&#039;none&#039; stroke=&#039;black&#039; stroke-width=&#039;2.2&#039; stroke-linecap=&#039;square&#039; stroke-miterlimit=&#039;10&#039;%3E%3Cg transform=&#039;translate(-12.000000, 0)&#039;%3E%3Cpath d=&#039;M28,0L10,18&#039;\/%3E%3Cpath d=&#039;M18,0L0,18&#039;\/%3E%3Cpath d=&#039;M48,0L30,18&#039;\/%3E%3Cpath d=&#039;M38,0L20,18&#039;\/%3E%3C\/g%3E%3C\/svg%3E&quot;);\">\n\t\t\t<span class=\"elementor-divider-separator\">\n\t\t\t\t\t\t<\/span>\n\t\t<\/div>\n\t\t\t\t\t\t<\/div>\n\t\t\t\t<\/div>\n\t\t\t\t<div class=\"elementor-element elementor-element-6c5dd3e3 elementor-widget elementor-widget-heading\" data-id=\"6c5dd3e3\" data-element_type=\"widget\" data-e-type=\"widget\" data-widget_type=\"heading.default\">\n\t\t\t\t<div class=\"elementor-widget-container\">\n\t\t\t\t\t<h2 class=\"elementor-heading-title elementor-size-default\">Porque escolher-nos?\n<\/h2>\t\t\t\t<\/div>\n\t\t\t\t<\/div>\n\t\t\t\t\t<\/div>\n\t\t<\/div>\n\t\t\t\t<div class=\"elementor-column elementor-col-50 elementor-top-column elementor-element elementor-element-25a7c4e4\" data-id=\"25a7c4e4\" data-element_type=\"column\" data-e-type=\"column\">\n\t\t\t<div class=\"elementor-widget-wrap elementor-element-populated\">\n\t\t\t\t\t\t<div class=\"elementor-element elementor-element-37b1ebab elementor-widget elementor-widget-text-editor\" data-id=\"37b1ebab\" data-element_type=\"widget\" data-e-type=\"widget\" data-widget_type=\"text-editor.default\">\n\t\t\t\t<div class=\"elementor-widget-container\">\n\t\t\t\t\t\t\t\t\t<p>Cobertura m\u00e9dica em caso de doen\u00e7a ou acidente.<br>Suporte 24 horas por dia, 7 dias por semana, no seu idioma, onde quer que voc\u00ea esteja.<br>Op\u00e7\u00f5es flex\u00edveis: escolha entre planos anuais para viajantes frequentes ou planos mensais para aventuras pontuais.<br>N\u00e3o deixe que um imprevisto estrague sua experi\u00eancia. Conosco, sua tranquilidade est\u00e1 garantida. \ud83d\ude80<\/p>\t\t\t\t\t\t\t\t<\/div>\n\t\t\t\t<\/div>\n\t\t\t\t\t<\/div>\n\t\t<\/div>\n\t\t\t\t\t<\/div>\n\t\t<\/section>\n\t\t\t\t<\/div>\n\t\t","protected":false},"excerpt":{"rendered":"<p>Prote\u00e7\u00e3o durante todo o ano Assist\u00eancia ao Viajante Viaje com tranquilidade sabendo que voc\u00ea sempre ser\u00e1 apoiado. Oferecemos planos anuais e mensais de assist\u00eancia em viagem, projetados para atender \u00e0s suas necessidades. De emerg\u00eancias m\u00e9dicas a imprevistos, como perda de bagagem ou cancelamentos, nosso servi\u00e7o garante que voc\u00ea esteja coberto em qualquer lugar do mundo. [&hellip;]<\/p>\n","protected":false},"author":1,"featured_media":8609,"parent":0,"menu_order":0,"comment_status":"closed","ping_status":"closed","template":"","meta":{"footnotes":""},"class_list":["post-13162","page","type-page","status-publish","has-post-thumbnail","hentry"],"yoast_head":"<!-- This site is optimized with the Yoast SEO plugin v27.5 - https:\/\/yoast.com\/product\/yoast-seo-wordpress\/ -->\n<title>Assist\u00eancia ao Viajante - Grupo Summa<\/title>\n<meta name=\"robots\" content=\"noindex, follow\" \/>\n<meta property=\"og:locale\" content=\"pt_BR\" \/>\n<meta property=\"og:type\" content=\"article\" \/>\n<meta property=\"og:title\" content=\"Assist\u00eancia ao Viajante - Grupo Summa\" \/>\n<meta property=\"og:description\" content=\"Prote\u00e7\u00e3o durante todo o ano Assist\u00eancia ao Viajante Viaje com tranquilidade sabendo que voc\u00ea sempre ser\u00e1 apoiado. Oferecemos planos anuais e mensais de assist\u00eancia em viagem, projetados para atender \u00e0s suas necessidades. De emerg\u00eancias m\u00e9dicas a imprevistos, como perda de bagagem ou cancelamentos, nosso servi\u00e7o garante que voc\u00ea esteja coberto em qualquer lugar do mundo. [&hellip;]\" \/>\n<meta property=\"og:url\" content=\"https:\/\/gruposumma.com.ar\/pt-br\/assistencia-ao-viajante\/\" \/>\n<meta property=\"og:site_name\" content=\"Grupo Summa\" \/>\n<meta property=\"article:modified_time\" content=\"2025-08-19T20:44:10+00:00\" \/>\n<meta property=\"og:image\" content=\"https:\/\/gruposumma.com.ar\/wp-content\/uploads\/2022\/10\/Identidad-del-sitio.jpg\" \/>\n\t<meta property=\"og:image:width\" content=\"350\" \/>\n\t<meta property=\"og:image:height\" content=\"100\" \/>\n\t<meta property=\"og:image:type\" content=\"image\/jpeg\" \/>\n<meta name=\"twitter:card\" content=\"summary_large_image\" \/>\n<meta name=\"twitter:label1\" content=\"Est. tempo de leitura\" \/>\n\t<meta name=\"twitter:data1\" content=\"1 minuto\" \/>\n<script type=\"application\/ld+json\" class=\"yoast-schema-graph\">{\"@context\":\"https:\\\/\\\/schema.org\",\"@graph\":[{\"@type\":\"WebPage\",\"@id\":\"https:\\\/\\\/gruposumma.com.ar\\\/pt-br\\\/assistencia-ao-viajante\\\/\",\"url\":\"https:\\\/\\\/gruposumma.com.ar\\\/pt-br\\\/assistencia-ao-viajante\\\/\",\"name\":\"Assist\u00eancia ao Viajante - Grupo Summa\",\"isPartOf\":{\"@id\":\"https:\\\/\\\/gruposumma.com.ar\\\/pt-br\\\/#website\"},\"primaryImageOfPage\":{\"@id\":\"https:\\\/\\\/gruposumma.com.ar\\\/pt-br\\\/assistencia-ao-viajante\\\/#primaryimage\"},\"image\":{\"@id\":\"https:\\\/\\\/gruposumma.com.ar\\\/pt-br\\\/assistencia-ao-viajante\\\/#primaryimage\"},\"thumbnailUrl\":\"https:\\\/\\\/gruposumma.com.ar\\\/wp-content\\\/uploads\\\/2022\\\/10\\\/Identidad-del-sitio.jpg\",\"datePublished\":\"2025-01-21T10:13:44+00:00\",\"dateModified\":\"2025-08-19T20:44:10+00:00\",\"breadcrumb\":{\"@id\":\"https:\\\/\\\/gruposumma.com.ar\\\/pt-br\\\/assistencia-ao-viajante\\\/#breadcrumb\"},\"inLanguage\":\"pt-BR\",\"potentialAction\":[{\"@type\":\"ReadAction\",\"target\":[\"https:\\\/\\\/gruposumma.com.ar\\\/pt-br\\\/assistencia-ao-viajante\\\/\"]}]},{\"@type\":\"ImageObject\",\"inLanguage\":\"pt-BR\",\"@id\":\"https:\\\/\\\/gruposumma.com.ar\\\/pt-br\\\/assistencia-ao-viajante\\\/#primaryimage\",\"url\":\"https:\\\/\\\/gruposumma.com.ar\\\/wp-content\\\/uploads\\\/2022\\\/10\\\/Identidad-del-sitio.jpg\",\"contentUrl\":\"https:\\\/\\\/gruposumma.com.ar\\\/wp-content\\\/uploads\\\/2022\\\/10\\\/Identidad-del-sitio.jpg\",\"width\":350,\"height\":100},{\"@type\":\"BreadcrumbList\",\"@id\":\"https:\\\/\\\/gruposumma.com.ar\\\/pt-br\\\/assistencia-ao-viajante\\\/#breadcrumb\",\"itemListElement\":[{\"@type\":\"ListItem\",\"position\":1,\"name\":\"Home\",\"item\":\"https:\\\/\\\/gruposumma.com.ar\\\/pt-br\\\/\"},{\"@type\":\"ListItem\",\"position\":2,\"name\":\"Assist\u00eancia ao Viajante\"}]},{\"@type\":\"WebSite\",\"@id\":\"https:\\\/\\\/gruposumma.com.ar\\\/pt-br\\\/#website\",\"url\":\"https:\\\/\\\/gruposumma.com.ar\\\/pt-br\\\/\",\"name\":\"Grupo Summa\",\"description\":\"Agencia de turismo\",\"publisher\":{\"@id\":\"https:\\\/\\\/gruposumma.com.ar\\\/pt-br\\\/#organization\"},\"potentialAction\":[{\"@type\":\"SearchAction\",\"target\":{\"@type\":\"EntryPoint\",\"urlTemplate\":\"https:\\\/\\\/gruposumma.com.ar\\\/pt-br\\\/?s={search_term_string}\"},\"query-input\":{\"@type\":\"PropertyValueSpecification\",\"valueRequired\":true,\"valueName\":\"search_term_string\"}}],\"inLanguage\":\"pt-BR\"},{\"@type\":\"Organization\",\"@id\":\"https:\\\/\\\/gruposumma.com.ar\\\/pt-br\\\/#organization\",\"name\":\"Grupo Summa\",\"url\":\"https:\\\/\\\/gruposumma.com.ar\\\/pt-br\\\/\",\"logo\":{\"@type\":\"ImageObject\",\"inLanguage\":\"pt-BR\",\"@id\":\"https:\\\/\\\/gruposumma.com.ar\\\/pt-br\\\/#\\\/schema\\\/logo\\\/image\\\/\",\"url\":\"https:\\\/\\\/gruposumma.com.ar\\\/wp-content\\\/uploads\\\/2022\\\/10\\\/Identidad-del-sitio.jpg\",\"contentUrl\":\"https:\\\/\\\/gruposumma.com.ar\\\/wp-content\\\/uploads\\\/2022\\\/10\\\/Identidad-del-sitio.jpg\",\"width\":350,\"height\":100,\"caption\":\"Grupo Summa\"},\"image\":{\"@id\":\"https:\\\/\\\/gruposumma.com.ar\\\/pt-br\\\/#\\\/schema\\\/logo\\\/image\\\/\"}}]}<\/script>\n<!-- \/ Yoast SEO plugin. -->","yoast_head_json":{"title":"Assist\u00eancia ao Viajante - Grupo Summa","robots":{"index":"noindex","follow":"follow"},"og_locale":"pt_BR","og_type":"article","og_title":"Assist\u00eancia ao Viajante - Grupo Summa","og_description":"Prote\u00e7\u00e3o durante todo o ano Assist\u00eancia ao Viajante Viaje com tranquilidade sabendo que voc\u00ea sempre ser\u00e1 apoiado. Oferecemos planos anuais e mensais de assist\u00eancia em viagem, projetados para atender \u00e0s suas necessidades. De emerg\u00eancias m\u00e9dicas a imprevistos, como perda de bagagem ou cancelamentos, nosso servi\u00e7o garante que voc\u00ea esteja coberto em qualquer lugar do mundo. [&hellip;]","og_url":"https:\/\/gruposumma.com.ar\/pt-br\/assistencia-ao-viajante\/","og_site_name":"Grupo Summa","article_modified_time":"2025-08-19T20:44:10+00:00","og_image":[{"width":350,"height":100,"url":"https:\/\/gruposumma.com.ar\/wp-content\/uploads\/2022\/10\/Identidad-del-sitio.jpg","type":"image\/jpeg"}],"twitter_card":"summary_large_image","twitter_misc":{"Est. tempo de leitura":"1 minuto"},"schema":{"@context":"https:\/\/schema.org","@graph":[{"@type":"WebPage","@id":"https:\/\/gruposumma.com.ar\/pt-br\/assistencia-ao-viajante\/","url":"https:\/\/gruposumma.com.ar\/pt-br\/assistencia-ao-viajante\/","name":"Assist\u00eancia ao Viajante - Grupo Summa","isPartOf":{"@id":"https:\/\/gruposumma.com.ar\/pt-br\/#website"},"primaryImageOfPage":{"@id":"https:\/\/gruposumma.com.ar\/pt-br\/assistencia-ao-viajante\/#primaryimage"},"image":{"@id":"https:\/\/gruposumma.com.ar\/pt-br\/assistencia-ao-viajante\/#primaryimage"},"thumbnailUrl":"https:\/\/gruposumma.com.ar\/wp-content\/uploads\/2022\/10\/Identidad-del-sitio.jpg","datePublished":"2025-01-21T10:13:44+00:00","dateModified":"2025-08-19T20:44:10+00:00","breadcrumb":{"@id":"https:\/\/gruposumma.com.ar\/pt-br\/assistencia-ao-viajante\/#breadcrumb"},"inLanguage":"pt-BR","potentialAction":[{"@type":"ReadAction","target":["https:\/\/gruposumma.com.ar\/pt-br\/assistencia-ao-viajante\/"]}]},{"@type":"ImageObject","inLanguage":"pt-BR","@id":"https:\/\/gruposumma.com.ar\/pt-br\/assistencia-ao-viajante\/#primaryimage","url":"https:\/\/gruposumma.com.ar\/wp-content\/uploads\/2022\/10\/Identidad-del-sitio.jpg","contentUrl":"https:\/\/gruposumma.com.ar\/wp-content\/uploads\/2022\/10\/Identidad-del-sitio.jpg","width":350,"height":100},{"@type":"BreadcrumbList","@id":"https:\/\/gruposumma.com.ar\/pt-br\/assistencia-ao-viajante\/#breadcrumb","itemListElement":[{"@type":"ListItem","position":1,"name":"Home","item":"https:\/\/gruposumma.com.ar\/pt-br\/"},{"@type":"ListItem","position":2,"name":"Assist\u00eancia ao Viajante"}]},{"@type":"WebSite","@id":"https:\/\/gruposumma.com.ar\/pt-br\/#website","url":"https:\/\/gruposumma.com.ar\/pt-br\/","name":"Grupo Summa","description":"Agencia de turismo","publisher":{"@id":"https:\/\/gruposumma.com.ar\/pt-br\/#organization"},"potentialAction":[{"@type":"SearchAction","target":{"@type":"EntryPoint","urlTemplate":"https:\/\/gruposumma.com.ar\/pt-br\/?s={search_term_string}"},"query-input":{"@type":"PropertyValueSpecification","valueRequired":true,"valueName":"search_term_string"}}],"inLanguage":"pt-BR"},{"@type":"Organization","@id":"https:\/\/gruposumma.com.ar\/pt-br\/#organization","name":"Grupo Summa","url":"https:\/\/gruposumma.com.ar\/pt-br\/","logo":{"@type":"ImageObject","inLanguage":"pt-BR","@id":"https:\/\/gruposumma.com.ar\/pt-br\/#\/schema\/logo\/image\/","url":"https:\/\/gruposumma.com.ar\/wp-content\/uploads\/2022\/10\/Identidad-del-sitio.jpg","contentUrl":"https:\/\/gruposumma.com.ar\/wp-content\/uploads\/2022\/10\/Identidad-del-sitio.jpg","width":350,"height":100,"caption":"Grupo Summa"},"image":{"@id":"https:\/\/gruposumma.com.ar\/pt-br\/#\/schema\/logo\/image\/"}}]}},"publishpress_future_action":{"enabled":false,"date":"2026-05-18 10:39:45","action":"change-status","newStatus":"draft","terms":[],"taxonomy":"translation_priority","extraData":[]},"publishpress_future_workflow_manual_trigger":{"enabledWorkflows":[]},"_links":{"self":[{"href":"https:\/\/gruposumma.com.ar\/pt-br\/wp-json\/wp\/v2\/pages\/13162","targetHints":{"allow":["GET"]}}],"collection":[{"href":"https:\/\/gruposumma.com.ar\/pt-br\/wp-json\/wp\/v2\/pages"}],"about":[{"href":"https:\/\/gruposumma.com.ar\/pt-br\/wp-json\/wp\/v2\/types\/page"}],"author":[{"embeddable":true,"href":"https:\/\/gruposumma.com.ar\/pt-br\/wp-json\/wp\/v2\/users\/1"}],"replies":[{"embeddable":true,"href":"https:\/\/gruposumma.com.ar\/pt-br\/wp-json\/wp\/v2\/comments?post=13162"}],"version-history":[{"count":1,"href":"https:\/\/gruposumma.com.ar\/pt-br\/wp-json\/wp\/v2\/pages\/13162\/revisions"}],"predecessor-version":[{"id":13165,"href":"https:\/\/gruposumma.com.ar\/pt-br\/wp-json\/wp\/v2\/pages\/13162\/revisions\/13165"}],"wp:featuredmedia":[{"embeddable":true,"href":"https:\/\/gruposumma.com.ar\/pt-br\/wp-json\/wp\/v2\/media\/8609"}],"wp:attachment":[{"href":"https:\/\/gruposumma.com.ar\/pt-br\/wp-json\/wp\/v2\/media?parent=13162"}],"curies":[{"name":"wp","href":"https:\/\/api.w.org\/{rel}","templated":true}]}}